{"id":4637,"date":"2025-03-06T12:00:07","date_gmt":"2025-03-06T11:00:07","guid":{"rendered":"https:\/\/nouveauxdesigns.fr\/?page_id=4637"},"modified":"2025-03-06T12:06:38","modified_gmt":"2025-03-06T11:06:38","slug":"article-n2-mode-et-upcycling","status":"publish","type":"page","link":"https:\/\/nouveauxdesigns.fr\/index.php\/article-n2-mode-et-upcycling\/","title":{"rendered":"Article n\u00b02- Mode et Upcycling"},"content":{"rendered":"<p>[et_pb_section fb_built=\u00a0\u00bb1&Prime; _builder_version=\u00a0\u00bb4.27.4&Prime; _module_preset=\u00a0\u00bbdefault\u00a0\u00bb global_colors_info=\u00a0\u00bb{}\u00a0\u00bb][et_pb_row _builder_version=\u00a0\u00bb4.27.4&Prime; _module_preset=\u00a0\u00bbdefault\u00a0\u00bb global_colors_info=\u00a0\u00bb{}\u00a0\u00bb][et_pb_column type=\u00a0\u00bb4_4&Prime; _builder_version=\u00a0\u00bb4.27.4&Prime; _module_preset=\u00a0\u00bbdefault\u00a0\u00bb global_colors_info=\u00a0\u00bb{}\u00a0\u00bb][et_pb_heading title=\u00a0\u00bbLa notion de l&rsquo;upcycling dans le domaine de la mode\u00a0\u00bb _builder_version=\u00a0\u00bb4.27.4&Prime; _module_preset=\u00a0\u00bbdefault\u00a0\u00bb title_font=\u00a0\u00bb|||||||#167378|\u00a0\u00bb title_text_align=\u00a0\u00bbcenter\u00a0\u00bb title_text_color=\u00a0\u00bb#167378&Prime; title_font_size=\u00a0\u00bb50px\u00a0\u00bb hover_enabled=\u00a0\u00bb0&Prime; global_colors_info=\u00a0\u00bb{}\u00a0\u00bb sticky_enabled=\u00a0\u00bb0&Prime;][\/et_pb_heading][et_pb_text _builder_version=\u00a0\u00bb4.27.4&Prime; _module_preset=\u00a0\u00bbdefault\u00a0\u00bb text_orientation=\u00a0\u00bbcenter\u00a0\u00bb global_colors_info=\u00a0\u00bb{}\u00a0\u00bb]<\/p>\n<p>Article n\u00b02- Mars 2025<\/p>\n<p>[\/et_pb_text][\/et_pb_column][\/et_pb_row][et_pb_row _builder_version=\u00a0\u00bb4.27.4&Prime; _module_preset=\u00a0\u00bbdefault\u00a0\u00bb global_colors_info=\u00a0\u00bb{}\u00a0\u00bb][et_pb_column type=\u00a0\u00bb4_4&Prime; _builder_version=\u00a0\u00bb4.27.4&Prime; _module_preset=\u00a0\u00bbdefault\u00a0\u00bb global_colors_info=\u00a0\u00bb{}\u00a0\u00bb][et_pb_text _builder_version=\u00a0\u00bb4.27.4&Prime; _module_preset=\u00a0\u00bbdefault\u00a0\u00bb global_colors_info=\u00a0\u00bb{}\u00a0\u00bb]<\/p>\n<p><span style=\"font-weight: 400;\">\u00ab\u00a0Tout est changement, non pour ne plus \u00eatre mais pour devenir ce qui n\u2019est pas encore.\u00a0\u00bb Epict\u00e8te<\/span><\/p>\n<p><span style=\"font-weight: 400;\">Cette citation du c\u00e9l\u00e8bre philosophe trouve tout son sens dans le concept d\u2019upcycling, qui prend ses racines dans les ann\u00e9es 1940 en Angleterre.<\/span><\/p>\n<p><span style=\"font-weight: 400;\">L\u2019upcycling ou \u201csurcyclage\u201d en fran\u00e7ais signifie \u201crecycler vers le haut\u201d. Ce processus permet d\u2019offrir une seconde vie \u00e0 des mat\u00e9riaux vou\u00e9s \u00e0 \u00eatre jet\u00e9s. De plus il est \u00e9troitement li\u00e9 \u00e0 la revalorisation des produits ainsi il joue un r\u00f4le essentiel dans l\u2019\u00e9conomie circulaire en favorisant la r\u00e9duction des d\u00e9chets et l\u2019optimisation des ressources.<\/span><\/p>\n<p>[\/et_pb_text][et_pb_heading title=\u00a0\u00bbAngleterre: Les pr\u00e9mices du concept d&rsquo;upcycling\u00a0\u00bb _builder_version=\u00a0\u00bb4.27.4&Prime; _module_preset=\u00a0\u00bbdefault\u00a0\u00bb title_text_align=\u00a0\u00bbleft\u00a0\u00bb title_text_color=\u00a0\u00bb#E02B20&Prime; title_font_size=\u00a0\u00bb20px\u00a0\u00bb width=\u00a0\u00bb100%\u00a0\u00bb max_width=\u00a0\u00bb100%\u00a0\u00bb global_colors_info=\u00a0\u00bb{}\u00a0\u00bb][\/et_pb_heading][\/et_pb_column][\/et_pb_row][et_pb_row column_structure=\u00a0\u00bb3_4,1_4&Prime; _builder_version=\u00a0\u00bb4.27.4&Prime; _module_preset=\u00a0\u00bbdefault\u00a0\u00bb global_colors_info=\u00a0\u00bb{}\u00a0\u00bb][et_pb_column type=\u00a0\u00bb3_4&Prime; _builder_version=\u00a0\u00bb4.27.4&Prime; _module_preset=\u00a0\u00bbdefault\u00a0\u00bb global_colors_info=\u00a0\u00bb{}\u00a0\u00bb][et_pb_text _builder_version=\u00a0\u00bb4.27.4&Prime; _module_preset=\u00a0\u00bbdefault\u00a0\u00bb global_colors_info=\u00a0\u00bb{}\u00a0\u00bb]<\/p>\n<p><span style=\"font-weight: 400;\">La seconde guerre mondiale entra\u00eene une p\u00e9nurie de v\u00eatements et une hausse des prix de ceux qui restent dans les boutiques. De plus, les fabricants de v\u00eatements britanniques doivent produire des articles n\u00e9cessaires \u00e0 l\u2019effort de guerre tels que des uniformes et des parachutes.<\/span><\/p>\n<p><span style=\"font-weight: 400;\">C\u2019est dans ce contexte qu&rsquo;apparaissent des campagnes comme celle ci-contre, promulgu\u00e9e par le gouvernement britannique encourageant les citoyens \u00e0 \u201cGo through your wardrobe\u201d ce qui signifie examiner ses v\u00eatements pour voir ce qui peut encore \u00eatre utilis\u00e9, r\u00e9par\u00e9 ou transform\u00e9, dans l&rsquo;esprit de la campagne <\/span><i><span style=\"font-weight: 400;\">Make Do and Mend<\/span><\/i><span style=\"font-weight: 400;\"> (Faire avec et raccommoder).\u00a0<\/span><\/p>\n<p><span style=\"font-weight: 400;\">De plus, des cours du soir ont \u00e9t\u00e9 mis en place pour apprendre aux gens \u00e0 fabriquer de nouveaux v\u00eatements \u00e0 partir de d\u2019anciennes pi\u00e8ces, de draps ou de torchons plut\u00f4t que de les jeter.\u00a0<\/span><\/p>\n<p><span style=\"font-weight: 400;\">Un court m\u00e9trage \u00e0 ce sujet a \u00e9t\u00e9 r\u00e9alis\u00e9 par <\/span><i><span style=\"font-weight: 400;\">Michelle Kirby<\/span><\/i><span style=\"font-weight: 400;\"> \u201c<\/span><span style=\"font-weight: 400;\">Clothes Rationing in Britain: Make Do and Mend\u201d.\u00a0<\/span><\/p>\n<p>[\/et_pb_text][\/et_pb_column][et_pb_column type=\u00a0\u00bb1_4&Prime; _builder_version=\u00a0\u00bb4.27.4&Prime; _module_preset=\u00a0\u00bbdefault\u00a0\u00bb global_colors_info=\u00a0\u00bb{}\u00a0\u00bb][et_pb_image src=\u00a0\u00bbhttps:\/\/nouveauxdesigns.fr\/wp-content\/uploads\/2025\/03\/source-4-INF.13.144.jpg\u00a0\u00bb title_text=\u00a0\u00bbsource-4-INF.13..144&Prime; _builder_version=\u00a0\u00bb4.27.4&Prime; _module_preset=\u00a0\u00bbdefault\u00a0\u00bb global_colors_info=\u00a0\u00bb{}\u00a0\u00bb][\/et_pb_image][\/et_pb_column][\/et_pb_row][et_pb_row _builder_version=\u00a0\u00bb4.27.4&Prime; _module_preset=\u00a0\u00bbdefault\u00a0\u00bb global_colors_info=\u00a0\u00bb{}\u00a0\u00bb][et_pb_column type=\u00a0\u00bb4_4&Prime; _builder_version=\u00a0\u00bb4.27.4&Prime; _module_preset=\u00a0\u00bbdefault\u00a0\u00bb global_colors_info=\u00a0\u00bb{}\u00a0\u00bb][et_pb_heading title=\u00a0\u00bbReiner Pilz: La naissance du terme \u201cUpcycling\u201d\u00a0\u00bb _builder_version=\u00a0\u00bb4.27.4&Prime; _module_preset=\u00a0\u00bbdefault\u00a0\u00bb title_text_color=\u00a0\u00bb#E02B20&Prime; title_font_size=\u00a0\u00bb20px\u00a0\u00bb global_colors_info=\u00a0\u00bb{}\u00a0\u00bb][\/et_pb_heading][\/et_pb_column][\/et_pb_row][et_pb_row _builder_version=\u00a0\u00bb4.27.4&Prime; _module_preset=\u00a0\u00bbdefault\u00a0\u00bb global_colors_info=\u00a0\u00bb{}\u00a0\u00bb][et_pb_column type=\u00a0\u00bb4_4&Prime; _builder_version=\u00a0\u00bb4.27.4&Prime; _module_preset=\u00a0\u00bbdefault\u00a0\u00bb global_colors_info=\u00a0\u00bb{}\u00a0\u00bb][et_pb_text _builder_version=\u00a0\u00bb4.27.4&Prime; _module_preset=\u00a0\u00bbdefault\u00a0\u00bb global_colors_info=\u00a0\u00bb{}\u00a0\u00bb]<\/p>\n<p><b><span style=\"font-weight: 400;\">En 1994, un article mentionnant le mot upcycling pour la premi\u00e8re fois para\u00eet dans le magazine britannique \u201cSalvo\u201d. Il s\u2019agit d\u2019une interview de Reiner Pilz, un ing\u00e9nieur m\u00e9canique allemand, celui-ci critique le recyclage traditionnel qu\u2019il appelle \u201cdowncycling\u201d en d\u00e9clarant: <\/span><span style=\"font-weight: 400;\">\u00ab\u00a0Ils d\u00e9truisent les briques, ils d\u00e9truisent tout. Ce dont nous avons besoin, c&rsquo;est de l&rsquo;upcycling, o\u00f9 les vieux produits re\u00e7oivent plus de valeur, pas moins.\u00a0\u00bb D\u00e8s lors, l\u2019upcycling incarne <\/span><span style=\"font-weight: 400;\">une technique qui permet \u00e0 un produit de gagner de la valeur au lieu d\u2019en perdre.<\/span><\/b><\/p>\n<p>[\/et_pb_text][\/et_pb_column][\/et_pb_row][et_pb_row _builder_version=\u00a0\u00bb4.27.4&Prime; _module_preset=\u00a0\u00bbdefault\u00a0\u00bb global_colors_info=\u00a0\u00bb{}\u00a0\u00bb][et_pb_column type=\u00a0\u00bb4_4&Prime; _builder_version=\u00a0\u00bb4.27.4&Prime; _module_preset=\u00a0\u00bbdefault\u00a0\u00bb global_colors_info=\u00a0\u00bb{}\u00a0\u00bb][et_pb_heading title=\u00a0\u00bbL\u2019\u00e9mergence de l\u2019upcycling dans la mode\u00a0\u00bb _builder_version=\u00a0\u00bb4.27.4&Prime; _module_preset=\u00a0\u00bbdefault\u00a0\u00bb title_text_color=\u00a0\u00bb#E02B20&Prime; title_font_size=\u00a0\u00bb20px\u00a0\u00bb global_colors_info=\u00a0\u00bb{}\u00a0\u00bb][\/et_pb_heading][\/et_pb_column][\/et_pb_row][et_pb_row column_structure=\u00a0\u00bb1_4,3_4&Prime; _builder_version=\u00a0\u00bb4.27.4&Prime; _module_preset=\u00a0\u00bbdefault\u00a0\u00bb global_colors_info=\u00a0\u00bb{}\u00a0\u00bb][et_pb_column type=\u00a0\u00bb1_4&Prime; _builder_version=\u00a0\u00bb4.27.4&Prime; _module_preset=\u00a0\u00bbdefault\u00a0\u00bb global_colors_info=\u00a0\u00bb{}\u00a0\u00bb][et_pb_image src=\u00a0\u00bbhttps:\/\/nouveauxdesigns.fr\/wp-content\/uploads\/2025\/03\/Dapper-Dan-1440&#215;1429-1.jpg\u00a0\u00bb title_text=\u00a0\u00bbDapper-Dan-1440&#215;1429&Prime; _builder_version=\u00a0\u00bb4.27.4&Prime; _module_preset=\u00a0\u00bbdefault\u00a0\u00bb global_colors_info=\u00a0\u00bb{}\u00a0\u00bb][\/et_pb_image][\/et_pb_column][et_pb_column type=\u00a0\u00bb3_4&Prime; _builder_version=\u00a0\u00bb4.27.4&Prime; _module_preset=\u00a0\u00bbdefault\u00a0\u00bb global_colors_info=\u00a0\u00bb{}\u00a0\u00bb][et_pb_text _builder_version=\u00a0\u00bb4.27.4&Prime; _module_preset=\u00a0\u00bbdefault\u00a0\u00bb global_colors_info=\u00a0\u00bb{}\u00a0\u00bb]<\/p>\n<p><span style=\"font-weight: 400;\">Avant m\u00eame l\u2019apparition du terme <\/span><i><span style=\"font-weight: 400;\">upcycling<\/span><\/i><span style=\"font-weight: 400;\">, Dapper Dan marquait l\u2019histoire de la mode\u00a0 \u00e0 Harlem dans les ann\u00e9es 1990. Ce designer visionnaire r\u00e9cup\u00e9rait et transformait des v\u00eatements et accessoires de luxe, modifiant leur coupe et leur style pour cr\u00e9er des pi\u00e8ces uniques. Consid\u00e9r\u00e9 comme l\u2019un des p\u00e8res du style hip-hop afro-am\u00e9ricain, il d\u00e9tournait tissus et motifs de grandes marques, apposant parfois de faux logos sur ses vestes et sacs de voyage. Sa boutique proposait des cr\u00e9ations in\u00e9dites \u2013 fourrures, vestes en cuir, accessoires sur mesure \u2013 pris\u00e9es par des figures embl\u00e9matiques comme Mike Tyson, LL Cool J ou Eric B. &amp; Rakim. Le <\/span><i><span style=\"font-weight: 400;\">New York Times<\/span><\/i><span style=\"font-weight: 400;\"> qualifiait son travail de \u00ab contrefa\u00e7on \u00e9lev\u00e9e au rang d\u2019art \u00bb.<\/span><\/p>\n<p>[\/et_pb_text][\/et_pb_column][\/et_pb_row][et_pb_row _builder_version=\u00a0\u00bb4.27.4&Prime; _module_preset=\u00a0\u00bbdefault\u00a0\u00bb custom_margin=\u00a0\u00bb|auto|-164px|auto||\u00a0\u00bb global_colors_info=\u00a0\u00bb{}\u00a0\u00bb][et_pb_column type=\u00a0\u00bb4_4&Prime; _builder_version=\u00a0\u00bb4.27.4&Prime; _module_preset=\u00a0\u00bbdefault\u00a0\u00bb global_colors_info=\u00a0\u00bb{}\u00a0\u00bb][et_pb_text _builder_version=\u00a0\u00bb4.27.4&Prime; _module_preset=\u00a0\u00bbdefault\u00a0\u00bb global_colors_info=\u00a0\u00bb{}\u00a0\u00bb]<\/p>\n<p><span style=\"font-weight: 400;\">Au 21\u1d49 si\u00e8cle, l\u2019upcycling s\u2019impose comme un choix \u00e9thique face aux d\u00e9rives de la fast fashion. La surproduction textile dans des conditions de travail pr\u00e9caires, l\u2019impact environnemental du coton, la pollution li\u00e9e au denim ou encore la surconsommation d\u2019eau pr\u00e9occupent de plus en plus les consommateurs. En r\u00e9ponse, la mode durable gagne du terrain, favorisant \u00e9galement une approche unisexe o\u00f9 les v\u00eatements peuvent \u00eatre r\u00e9utilis\u00e9s et adapt\u00e9s d\u2019un genre \u00e0 l\u2019autre.<\/span><\/p>\n<p><span style=\"font-weight: 400;\">Loin d\u2019\u00eatre une tendance r\u00e9cente, l\u2019upcycling a d\u00e9j\u00e0 marqu\u00e9 l\u2019histoire de la mode. Un exemple embl\u00e9matique est le pull en chaussettes de Martin Margiela, pr\u00e9sent\u00e9 lors de sa collection automne-hiver 1991-1992. Ce v\u00eatement, compos\u00e9 d\u2019anciennes chaussettes assembl\u00e9es en patchwork, illustre parfaitement l\u2019id\u00e9e de transformation et de r\u00e9interpr\u00e9tation des mat\u00e9riaux existants.<\/span><\/p>\n<p><span style=\"font-weight: 400;\">Si certaines maisons de couture s\u2019approprient cette d\u00e9marche, de nombreux cr\u00e9ateurs ind\u00e9pendants et artisans locaux en font \u00e9galement leur signature. En utilisant des textiles anciens ou en transformant des pi\u00e8ces de seconde main, ils proposent une mode plus responsable et authentique. Il est essentiel de les soutenir, car ils participent \u00e0 une consommation plus durable tout en valorisant le savoir-faire artisanal et l\u2019innovation cr\u00e9ative.<\/span><\/p>\n<p><span style=\"font-weight: 400;\">L\u2019\u2019upcycling s\u2019impose comme une alternative durable \u00e0 la fast fashion, port\u00e9 par des cr\u00e9ateurs de renom comme par des artisans locaux. Sur le territoire lyonnais, des cr\u00e9ateurs comme <b><a href=\"https:\/\/cestjooj.fr\/\">Jooj<\/a>, <a href=\"https:\/\/maisongaudy.com\/\">Maison Gaudy<\/a>, <a href=\"https:\/\/www.helloasso.com\/associations\/atelier-des-nouveaux-designs\/evenements\/broder-pour-reparer-donner-une-seconde-vie-a-vos-textiles\">Angovo<\/a> et <a href=\"https:\/\/martheduval.com\/\">Marthe Duval<\/a><\/b> s\u2019engagent dans cette d\u00e9marche..\u00a0 Mais peut-il r\u00e9ellement transformer l\u2019industrie de la mode \u00e0 grande \u00e9chelle ? Ses limites r\u00e9sident dans la disponibilit\u00e9 des mat\u00e9riaux, le co\u00fbt de production et son accessibilit\u00e9. <\/span><\/p>\n<p><span style=\"font-weight: 400;\">Jusqu\u2019o\u00f9 peut-il aller sans rester une niche ?<\/span><\/p>\n<p>Par Alix MINOT<span style=\"font-weight: 400;\"><\/span><\/p>\n<p><span style=\"font-weight: 400;\"><\/span><\/p>\n<p>[\/et_pb_text][\/et_pb_column][\/et_pb_row][\/et_pb_section][et_pb_section fb_built=\u00a0\u00bb1&Prime; _builder_version=\u00a0\u00bb4.18.0&Prime; _module_preset=\u00a0\u00bbdefault\u00a0\u00bb global_colors_info=\u00a0\u00bb{}\u00a0\u00bb][et_pb_row _builder_version=\u00a0\u00bb4.18.0&Prime; _module_preset=\u00a0\u00bbdefault\u00a0\u00bb animation_style=\u00a0\u00bbfade\u00a0\u00bb global_colors_info=\u00a0\u00bb{}\u00a0\u00bb][et_pb_column type=\u00a0\u00bb4_4&Prime; _builder_version=\u00a0\u00bb4.18.0&Prime; _module_preset=\u00a0\u00bbdefault\u00a0\u00bb global_colors_info=\u00a0\u00bb{}\u00a0\u00bb][et_pb_text _builder_version=\u00a0\u00bb4.18.0&Prime; _module_preset=\u00a0\u00bbdefault\u00a0\u00bb text_font=\u00a0\u00bbLibre Franklin||||||||\u00a0\u00bb global_colors_info=\u00a0\u00bb{}\u00a0\u00bb]<\/p>\n<p style=\"text-align: center;\"><span style=\"color: #167378; font-size: x-large;\"><strong>NOUS SOUTENIR<\/strong><\/span><\/p>\n<p style=\"text-align: center;\"><span style=\"color: #f79b2f; font-size: x-large;\"><strong>en faisant un don via HelloAsso<\/strong><\/span><\/p>\n<p>[\/et_pb_text][\/et_pb_column][\/et_pb_row][et_pb_row _builder_version=\u00a0\u00bb4.18.0&Prime; _module_preset=\u00a0\u00bbdefault\u00a0\u00bb custom_padding=\u00a0\u00bb0px|||||\u00a0\u00bb global_colors_info=\u00a0\u00bb{}\u00a0\u00bb][et_pb_column type=\u00a0\u00bb4_4&Prime; _builder_version=\u00a0\u00bb4.18.0&Prime; _module_preset=\u00a0\u00bbdefault\u00a0\u00bb global_colors_info=\u00a0\u00bb{}\u00a0\u00bb][et_pb_button button_url=\u00a0\u00bbhttps:\/\/www.helloasso.com\/associations\/atelier-des-nouveaux-designs\/formulaires\/1&Prime; button_text=\u00a0\u00bbJe participe !\u00a0\u00bb button_alignment=\u00a0\u00bbcenter\u00a0\u00bb _builder_version=\u00a0\u00bb4.18.0&Prime; _module_preset=\u00a0\u00bbdefault\u00a0\u00bb custom_button=\u00a0\u00bbon\u00a0\u00bb button_text_size=\u00a0\u00bb20px\u00a0\u00bb button_bg_color=\u00a0\u00bb#f79f2b\u00a0\u00bb button_border_width=\u00a0\u00bb0px\u00a0\u00bb button_border_radius=\u00a0\u00bb100px\u00a0\u00bb button_font=\u00a0\u00bbLibre Franklin|700|||||||\u00a0\u00bb button_use_icon=\u00a0\u00bboff\u00a0\u00bb background_layout=\u00a0\u00bbdark\u00a0\u00bb animation_style=\u00a0\u00bbbounce\u00a0\u00bb global_colors_info=\u00a0\u00bb{}\u00a0\u00bb button_bg_color__hover_enabled=\u00a0\u00bbon|hover\u00a0\u00bb button_bg_color__hover=\u00a0\u00bb#167378&Prime; button_bg_enable_color__hover=\u00a0\u00bbon\u00a0\u00bb][\/et_pb_button][\/et_pb_column][\/et_pb_row][\/et_pb_section]<\/p>\n","protected":false},"excerpt":{"rendered":"<p>Article n\u00b02- Mars 2025&Prime;Tout est changement, non pour ne plus \u00eatre mais pour devenir ce qui n\u2019est pas encore.\u00a0\u00bb Epict\u00e8te Cette citation du c\u00e9l\u00e8bre philosophe trouve tout son sens dans le concept d\u2019upcycling, qui prend ses racines dans les ann\u00e9es 1940 en Angleterre. L\u2019upcycling ou \u201csurcyclage\u201d en fran\u00e7ais signifie \u201crecycler vers le haut\u201d. Ce processus [&hellip;]<\/p>\n","protected":false},"author":4,"featured_media":0,"parent":0,"menu_order":0,"comment_status":"closed","ping_status":"closed","template":"","meta":{"_et_pb_use_builder":"on","_et_pb_old_content":"","_et_gb_content_width":"","_monsterinsights_skip_tracking":false,"_monsterinsights_sitenote_active":false,"_monsterinsights_sitenote_note":"","_monsterinsights_sitenote_category":0,"footnotes":""},"class_list":["post-4637","page","type-page","status-publish","hentry"],"yoast_head":"<!-- This site is optimized with the Yoast SEO plugin v27.1.1 - https:\/\/yoast.com\/product\/yoast-seo-wordpress\/ -->\n<title>Article n\u00b02- Mode et Upcycling - Atelier des Nouveaux Designs<\/title>\n<meta name=\"robots\" content=\"index, follow, max-snippet:-1, max-image-preview:large, max-video-preview:-1\" \/>\n<link rel=\"canonical\" href=\"https:\/\/nouveauxdesigns.fr\/index.php\/article-n2-mode-et-upcycling\/\" \/>\n<meta property=\"og:locale\" content=\"fr_FR\" \/>\n<meta property=\"og:type\" content=\"article\" \/>\n<meta property=\"og:title\" content=\"Article n\u00b02- Mode et Upcycling - Atelier des Nouveaux Designs\" \/>\n<meta property=\"og:description\" content=\"Article n\u00b02- Mars 2025&quot;Tout est changement, non pour ne plus \u00eatre mais pour devenir ce qui n\u2019est pas encore.&quot; Epict\u00e8te Cette citation du c\u00e9l\u00e8bre philosophe trouve tout son sens dans le concept d\u2019upcycling, qui prend ses racines dans les ann\u00e9es 1940 en Angleterre. L\u2019upcycling ou \u201csurcyclage\u201d en fran\u00e7ais signifie \u201crecycler vers le haut\u201d. Ce processus [&hellip;]\" \/>\n<meta property=\"og:url\" content=\"https:\/\/nouveauxdesigns.fr\/index.php\/article-n2-mode-et-upcycling\/\" \/>\n<meta property=\"og:site_name\" content=\"Atelier des Nouveaux Designs\" \/>\n<meta property=\"article:modified_time\" content=\"2025-03-06T11:06:38+00:00\" \/>\n<meta name=\"twitter:card\" content=\"summary_large_image\" \/>\n<meta name=\"twitter:label1\" content=\"Dur\u00e9e de lecture estim\u00e9e\" \/>\n\t<meta name=\"twitter:data1\" content=\"1 minute\" \/>\n<script type=\"application\/ld+json\" class=\"yoast-schema-graph\">{\"@context\":\"https:\/\/schema.org\",\"@graph\":[{\"@type\":\"WebPage\",\"@id\":\"https:\/\/nouveauxdesigns.fr\/index.php\/article-n2-mode-et-upcycling\/\",\"url\":\"https:\/\/nouveauxdesigns.fr\/index.php\/article-n2-mode-et-upcycling\/\",\"name\":\"Article n\u00b02- Mode et Upcycling - Atelier des Nouveaux Designs\",\"isPartOf\":{\"@id\":\"https:\/\/nouveauxdesigns.fr\/#website\"},\"datePublished\":\"2025-03-06T11:00:07+00:00\",\"dateModified\":\"2025-03-06T11:06:38+00:00\",\"breadcrumb\":{\"@id\":\"https:\/\/nouveauxdesigns.fr\/index.php\/article-n2-mode-et-upcycling\/#breadcrumb\"},\"inLanguage\":\"fr-FR\",\"potentialAction\":[{\"@type\":\"ReadAction\",\"target\":[\"https:\/\/nouveauxdesigns.fr\/index.php\/article-n2-mode-et-upcycling\/\"]}]},{\"@type\":\"BreadcrumbList\",\"@id\":\"https:\/\/nouveauxdesigns.fr\/index.php\/article-n2-mode-et-upcycling\/#breadcrumb\",\"itemListElement\":[{\"@type\":\"ListItem\",\"position\":1,\"name\":\"Home\",\"item\":\"https:\/\/nouveauxdesigns.fr\/\"},{\"@type\":\"ListItem\",\"position\":2,\"name\":\"Article n\u00b02- Mode et Upcycling\"}]},{\"@type\":\"WebSite\",\"@id\":\"https:\/\/nouveauxdesigns.fr\/#website\",\"url\":\"https:\/\/nouveauxdesigns.fr\/\",\"name\":\"Atelier des Nouveaux Designs\",\"description\":\"Association collaborative autour de l&#039;upcycling\",\"potentialAction\":[{\"@type\":\"SearchAction\",\"target\":{\"@type\":\"EntryPoint\",\"urlTemplate\":\"https:\/\/nouveauxdesigns.fr\/?s={search_term_string}\"},\"query-input\":{\"@type\":\"PropertyValueSpecification\",\"valueRequired\":true,\"valueName\":\"search_term_string\"}}],\"inLanguage\":\"fr-FR\"}]}<\/script>\n<!-- \/ Yoast SEO plugin. -->","yoast_head_json":{"title":"Article n\u00b02- Mode et Upcycling - Atelier des Nouveaux Designs","robots":{"index":"index","follow":"follow","max-snippet":"max-snippet:-1","max-image-preview":"max-image-preview:large","max-video-preview":"max-video-preview:-1"},"canonical":"https:\/\/nouveauxdesigns.fr\/index.php\/article-n2-mode-et-upcycling\/","og_locale":"fr_FR","og_type":"article","og_title":"Article n\u00b02- Mode et Upcycling - Atelier des Nouveaux Designs","og_description":"Article n\u00b02- Mars 2025\"Tout est changement, non pour ne plus \u00eatre mais pour devenir ce qui n\u2019est pas encore.\" Epict\u00e8te Cette citation du c\u00e9l\u00e8bre philosophe trouve tout son sens dans le concept d\u2019upcycling, qui prend ses racines dans les ann\u00e9es 1940 en Angleterre. L\u2019upcycling ou \u201csurcyclage\u201d en fran\u00e7ais signifie \u201crecycler vers le haut\u201d. Ce processus [&hellip;]","og_url":"https:\/\/nouveauxdesigns.fr\/index.php\/article-n2-mode-et-upcycling\/","og_site_name":"Atelier des Nouveaux Designs","article_modified_time":"2025-03-06T11:06:38+00:00","twitter_card":"summary_large_image","twitter_misc":{"Dur\u00e9e de lecture estim\u00e9e":"1 minute"},"schema":{"@context":"https:\/\/schema.org","@graph":[{"@type":"WebPage","@id":"https:\/\/nouveauxdesigns.fr\/index.php\/article-n2-mode-et-upcycling\/","url":"https:\/\/nouveauxdesigns.fr\/index.php\/article-n2-mode-et-upcycling\/","name":"Article n\u00b02- Mode et Upcycling - Atelier des Nouveaux Designs","isPartOf":{"@id":"https:\/\/nouveauxdesigns.fr\/#website"},"datePublished":"2025-03-06T11:00:07+00:00","dateModified":"2025-03-06T11:06:38+00:00","breadcrumb":{"@id":"https:\/\/nouveauxdesigns.fr\/index.php\/article-n2-mode-et-upcycling\/#breadcrumb"},"inLanguage":"fr-FR","potentialAction":[{"@type":"ReadAction","target":["https:\/\/nouveauxdesigns.fr\/index.php\/article-n2-mode-et-upcycling\/"]}]},{"@type":"BreadcrumbList","@id":"https:\/\/nouveauxdesigns.fr\/index.php\/article-n2-mode-et-upcycling\/#breadcrumb","itemListElement":[{"@type":"ListItem","position":1,"name":"Home","item":"https:\/\/nouveauxdesigns.fr\/"},{"@type":"ListItem","position":2,"name":"Article n\u00b02- Mode et Upcycling"}]},{"@type":"WebSite","@id":"https:\/\/nouveauxdesigns.fr\/#website","url":"https:\/\/nouveauxdesigns.fr\/","name":"Atelier des Nouveaux Designs","description":"Association collaborative autour de l&#039;upcycling","potentialAction":[{"@type":"SearchAction","target":{"@type":"EntryPoint","urlTemplate":"https:\/\/nouveauxdesigns.fr\/?s={search_term_string}"},"query-input":{"@type":"PropertyValueSpecification","valueRequired":true,"valueName":"search_term_string"}}],"inLanguage":"fr-FR"}]}},"_links":{"self":[{"href":"https:\/\/nouveauxdesigns.fr\/index.php\/wp-json\/wp\/v2\/pages\/4637","targetHints":{"allow":["GET"]}}],"collection":[{"href":"https:\/\/nouveauxdesigns.fr\/index.php\/wp-json\/wp\/v2\/pages"}],"about":[{"href":"https:\/\/nouveauxdesigns.fr\/index.php\/wp-json\/wp\/v2\/types\/page"}],"author":[{"embeddable":true,"href":"https:\/\/nouveauxdesigns.fr\/index.php\/wp-json\/wp\/v2\/users\/4"}],"replies":[{"embeddable":true,"href":"https:\/\/nouveauxdesigns.fr\/index.php\/wp-json\/wp\/v2\/comments?post=4637"}],"version-history":[{"count":9,"href":"https:\/\/nouveauxdesigns.fr\/index.php\/wp-json\/wp\/v2\/pages\/4637\/revisions"}],"predecessor-version":[{"id":4658,"href":"https:\/\/nouveauxdesigns.fr\/index.php\/wp-json\/wp\/v2\/pages\/4637\/revisions\/4658"}],"wp:attachment":[{"href":"https:\/\/nouveauxdesigns.fr\/index.php\/wp-json\/wp\/v2\/media?parent=4637"}],"curies":[{"name":"wp","href":"https:\/\/api.w.org\/{rel}","templated":true}]}}