{"id":4652,"date":"2025-04-11T14:47:52","date_gmt":"2025-04-11T12:47:52","guid":{"rendered":"https:\/\/nouveauxdesigns.fr\/?page_id=4652"},"modified":"2026-02-13T17:51:47","modified_gmt":"2026-02-13T16:51:47","slug":"blog","status":"publish","type":"page","link":"https:\/\/nouveauxdesigns.fr\/index.php\/blog\/","title":{"rendered":"Blog"},"content":{"rendered":"<p>[et_pb_section fb_built=\u00a0\u00bb1&Prime; _builder_version=\u00a0\u00bb4.18.0&Prime; background_color=\u00a0\u00bb#FFFFFF\u00a0\u00bb background_enable_image=\u00a0\u00bboff\u00a0\u00bb custom_padding=\u00a0\u00bb2em||2em||false|false\u00a0\u00bb global_colors_info=\u00a0\u00bb{}\u00a0\u00bb][et_pb_row _builder_version=\u00a0\u00bb4.16&Prime; global_colors_info=\u00a0\u00bb{}\u00a0\u00bb][et_pb_column type=\u00a0\u00bb4_4&Prime; _builder_version=\u00a0\u00bb4.16&Prime; global_colors_info=\u00a0\u00bb{}\u00a0\u00bb][et_pb_text _builder_version=\u00a0\u00bb4.18.0&Prime; text_font=\u00a0\u00bb|||on|||||\u00a0\u00bb header_font=\u00a0\u00bbOswald|||on|||||\u00a0\u00bb header_text_align=\u00a0\u00bbcenter\u00a0\u00bb header_text_color=\u00a0\u00bb#167378&Prime; header_font_size=\u00a0\u00bb60px\u00a0\u00bb header_line_height=\u00a0\u00bb1.5em\u00a0\u00bb animation_style=\u00a0\u00bbflip\u00a0\u00bb header_font_size_tablet=\u00a0\u00bb\u00a0\u00bb header_font_size_phone=\u00a0\u00bb40px\u00a0\u00bb header_font_size_last_edited=\u00a0\u00bbon|phone\u00a0\u00bb inline_fonts=\u00a0\u00bbLibre Franklin\u00a0\u00bb global_colors_info=\u00a0\u00bb{}\u00a0\u00bb]<\/p>\n<h1><strong><span style=\"font-family: Libre Franklin;\">Blog de l&rsquo;Atelier<\/span><\/strong><\/h1>\n<p>[\/et_pb_text][\/et_pb_column][\/et_pb_row][\/et_pb_section][et_pb_section fb_built=\u00a0\u00bb1&Prime; _builder_version=\u00a0\u00bb4.27.4&Prime; _module_preset=\u00a0\u00bbdefault\u00a0\u00bb custom_margin=\u00a0\u00bb-3px||||false|false\u00a0\u00bb global_colors_info=\u00a0\u00bb{}\u00a0\u00bb][et_pb_row column_structure=\u00a0\u00bb1_2,1_2&Prime; _builder_version=\u00a0\u00bb4.27.4&Prime; _module_preset=\u00a0\u00bbdefault\u00a0\u00bb global_colors_info=\u00a0\u00bb{}\u00a0\u00bb][et_pb_column type=\u00a0\u00bb1_2&Prime; _builder_version=\u00a0\u00bb4.27.4&Prime; _module_preset=\u00a0\u00bbdefault\u00a0\u00bb global_colors_info=\u00a0\u00bb{}\u00a0\u00bb][et_pb_image src=\u00a0\u00bbhttps:\/\/nouveauxdesigns.fr\/wp-content\/uploads\/2025\/03\/source-4-INF.13.144-2.jpg\u00a0\u00bb title_text=\u00a0\u00bbsource-4-INF.13..144&Prime; _builder_version=\u00a0\u00bb4.27.4&Prime; _module_preset=\u00a0\u00bbdefault\u00a0\u00bb min_height=\u00a0\u00bb302px\u00a0\u00bb height=\u00a0\u00bb298px\u00a0\u00bb global_colors_info=\u00a0\u00bb{}\u00a0\u00bb][\/et_pb_image][et_pb_text _builder_version=\u00a0\u00bb4.27.4&Prime; _module_preset=\u00a0\u00bbdefault\u00a0\u00bb custom_margin=\u00a0\u00bb1px||||false|false\u00a0\u00bb global_colors_info=\u00a0\u00bb{}\u00a0\u00bb]<\/p>\n<h1 class=\"et_pb_module_heading et-fb-editable-element et-fb-editable-element__editing\" data-shortcode-id=\"0.0.0.0-1742375502772\" data-quickaccess-id=\"title\" contenteditable=\"true\">La notion de l&rsquo;upcycling dans le domaine de la mode<\/h1>\n<p>Mars 2025<\/p>\n<p>L\u2019upcycling, une mode durable qui transforme le pass\u00e9 pour r\u00e9inventer le futur. D\u00e9couvrez comment ce mouvement \u00e9thique d\u00e9fie la fast fashion et redonne vie aux mat\u00e9riaux. Peut-il r\u00e9volutionner l\u2019industrie de la mode ?<\/p>\n<p>[\/et_pb_text][et_pb_button button_url=\u00a0\u00bbhttps:\/\/nouveauxdesigns.fr\/index.php\/article-n2-mode-et-upcycling\/?et_fb=1&#038;PageSpeed=off\u00a0\u00bb button_text=\u00a0\u00bbLire la suite\u00a0\u00bb button_alignment=\u00a0\u00bbcenter\u00a0\u00bb _builder_version=\u00a0\u00bb4.27.4&Prime; _module_preset=\u00a0\u00bbdefault\u00a0\u00bb global_colors_info=\u00a0\u00bb{}\u00a0\u00bb][\/et_pb_button][\/et_pb_column][et_pb_column type=\u00a0\u00bb1_2&Prime; _builder_version=\u00a0\u00bb4.27.4&Prime; _module_preset=\u00a0\u00bbdefault\u00a0\u00bb global_colors_info=\u00a0\u00bb{}\u00a0\u00bb][et_pb_image src=\u00a0\u00bbhttps:\/\/nouveauxdesigns.fr\/wp-content\/uploads\/2023\/02\/Lupcycling-et-lESS-scaled.jpg\u00a0\u00bb title_text=\u00a0\u00bbL\u2019upcycling et l\u2019ESS\u00a0\u00bb align=\u00a0\u00bbcenter\u00a0\u00bb _builder_version=\u00a0\u00bb4.27.4&Prime; _module_preset=\u00a0\u00bbdefault\u00a0\u00bb width=\u00a0\u00bb80%\u00a0\u00bb max_width=\u00a0\u00bb80%\u00a0\u00bb global_colors_info=\u00a0\u00bb{}\u00a0\u00bb][\/et_pb_image][et_pb_text _builder_version=\u00a0\u00bb4.27.4&Prime; _module_preset=\u00a0\u00bbdefault\u00a0\u00bb custom_margin=\u00a0\u00bb1px||||false|false\u00a0\u00bb hover_enabled=\u00a0\u00bb0&Prime; global_colors_info=\u00a0\u00bb{}\u00a0\u00bb sticky_enabled=\u00a0\u00bb0&Prime;]<\/p>\n<h1><strong><span>l\u2019upcycling<\/span><\/strong><\/h1>\n<p>Mai 2022<\/p>\n<p>L\u2019upcycling, c\u2019est la base sur laquelle repose notre association l&rsquo;Atelier des Nouveaux Designs. Une pratique parfois me\u0301connue, mais qui tend a\u0300 se de\u0301velopper dans de nombreux domaines. Qu\u2019est-ce que l\u2019upcycling ? Surcyclage et recyclage, quelles diffe\u0301rences ? De\u0301finitions et exemples concrets, on vous explique tout.<\/p>\n<p>[\/et_pb_text][et_pb_button button_url=\u00a0\u00bbhttps:\/\/nouveauxdesigns.fr\/index.php\/2020\/10\/29\/upcycling\/\u00a0\u00bb button_text=\u00a0\u00bbLire la suite\u00a0\u00bb button_alignment=\u00a0\u00bbcenter\u00a0\u00bb _builder_version=\u00a0\u00bb4.27.4&Prime; _module_preset=\u00a0\u00bbdefault\u00a0\u00bb global_colors_info=\u00a0\u00bb{}\u00a0\u00bb][\/et_pb_button][\/et_pb_column][\/et_pb_row][et_pb_row column_structure=\u00a0\u00bb1_2,1_2&Prime; _builder_version=\u00a0\u00bb4.27.4&Prime; _module_preset=\u00a0\u00bbdefault\u00a0\u00bb global_colors_info=\u00a0\u00bb{}\u00a0\u00bb][et_pb_column type=\u00a0\u00bb1_2&Prime; _builder_version=\u00a0\u00bb4.27.4&Prime; _module_preset=\u00a0\u00bbdefault\u00a0\u00bb global_colors_info=\u00a0\u00bb{}\u00a0\u00bb][et_pb_image src=\u00a0\u00bbhttps:\/\/nouveauxdesigns.fr\/wp-content\/uploads\/2025\/03\/IMG_4268-scaled.jpeg\u00a0\u00bb title_text=\u00a0\u00bbIMG_4268&Prime; _builder_version=\u00a0\u00bb4.27.4&Prime; _module_preset=\u00a0\u00bbdefault\u00a0\u00bb min_height=\u00a0\u00bb302px\u00a0\u00bb height=\u00a0\u00bb298px\u00a0\u00bb global_colors_info=\u00a0\u00bb{}\u00a0\u00bb][\/et_pb_image][et_pb_text _builder_version=\u00a0\u00bb4.27.4&Prime; _module_preset=\u00a0\u00bbdefault\u00a0\u00bb custom_margin=\u00a0\u00bb1px||||false|false\u00a0\u00bb global_colors_info=\u00a0\u00bb{}\u00a0\u00bb]<\/p>\n<h1 class=\"entry-title\">Petite grammaire de l\u2019up-cycling<\/h1>\n<p>Mai 2025<\/p>\n<p><span>Recyclage, up-cycling, r\u00e9emploi, slow fashion \u2026 pas toujours facile de comprendre et d\u2019y voir clair quand tant de terme diff\u00e9rents sont utilis\u00e9s pour composer le monde de l\u2019Up-cycling. C\u2019est pour \u00e7a que nous avons cr\u00e9\u00e9 ce petit glossaire en point clefs qui vous aideras \u00e0 y voir plus claire et \u00e0 ne plus vous sentir perdu !<\/span><\/p>\n<p>[\/et_pb_text][et_pb_button button_url=\u00a0\u00bbhttps:\/\/nouveauxdesigns.fr\/index.php\/article-n3-petite-grammaire-de-lup-cycling\/\u00a0\u00bb button_text=\u00a0\u00bbLire la suite\u00a0\u00bb button_alignment=\u00a0\u00bbcenter\u00a0\u00bb _builder_version=\u00a0\u00bb4.27.4&Prime; _module_preset=\u00a0\u00bbdefault\u00a0\u00bb global_colors_info=\u00a0\u00bb{}\u00a0\u00bb][\/et_pb_button][\/et_pb_column][et_pb_column type=\u00a0\u00bb1_2&Prime; _builder_version=\u00a0\u00bb4.27.4&Prime; _module_preset=\u00a0\u00bbdefault\u00a0\u00bb global_colors_info=\u00a0\u00bb{}\u00a0\u00bb][\/et_pb_column][\/et_pb_row][et_pb_row column_structure=\u00a0\u00bb1_2,1_2&Prime; _builder_version=\u00a0\u00bb4.27.4&Prime; _module_preset=\u00a0\u00bbdefault\u00a0\u00bb global_colors_info=\u00a0\u00bb{}\u00a0\u00bb][et_pb_column type=\u00a0\u00bb1_2&Prime; _builder_version=\u00a0\u00bb4.27.4&Prime; _module_preset=\u00a0\u00bbdefault\u00a0\u00bb global_colors_info=\u00a0\u00bb{}\u00a0\u00bb][\/et_pb_column][et_pb_column type=\u00a0\u00bb1_2&Prime; _builder_version=\u00a0\u00bb4.27.4&Prime; _module_preset=\u00a0\u00bbdefault\u00a0\u00bb global_colors_info=\u00a0\u00bb{}\u00a0\u00bb][\/et_pb_column][\/et_pb_row][et_pb_row column_structure=\u00a0\u00bb1_2,1_2&Prime; _builder_version=\u00a0\u00bb4.27.4&Prime; _module_preset=\u00a0\u00bbdefault\u00a0\u00bb global_colors_info=\u00a0\u00bb{}\u00a0\u00bb][et_pb_column type=\u00a0\u00bb1_2&Prime; _builder_version=\u00a0\u00bb4.27.4&Prime; _module_preset=\u00a0\u00bbdefault\u00a0\u00bb global_colors_info=\u00a0\u00bb{}\u00a0\u00bb][\/et_pb_column][et_pb_column type=\u00a0\u00bb1_2&Prime; _builder_version=\u00a0\u00bb4.27.4&Prime; _module_preset=\u00a0\u00bbdefault\u00a0\u00bb global_colors_info=\u00a0\u00bb{}\u00a0\u00bb][\/et_pb_column][\/et_pb_row][\/et_pb_section]<\/p>\n","protected":false},"excerpt":{"rendered":"<p>Blog de l&rsquo;AtelierLa notion de l&rsquo;upcycling dans le domaine de la mode Mars 2025 L\u2019upcycling, une mode durable qui transforme le pass\u00e9 pour r\u00e9inventer le futur. D\u00e9couvrez comment ce mouvement \u00e9thique d\u00e9fie la fast fashion et redonne vie aux mat\u00e9riaux. Peut-il r\u00e9volutionner l\u2019industrie de la mode ?l\u2019upcycling Mai 2022 L\u2019upcycling, c\u2019est la base sur laquelle [&hellip;]<\/p>\n","protected":false},"author":4,"featured_media":0,"parent":0,"menu_order":0,"comment_status":"closed","ping_status":"closed","template":"","meta":{"_et_pb_use_builder":"on","_et_pb_old_content":"","_et_gb_content_width":"","_monsterinsights_skip_tracking":false,"_monsterinsights_sitenote_active":false,"_monsterinsights_sitenote_note":"","_monsterinsights_sitenote_category":0,"footnotes":""},"class_list":["post-4652","page","type-page","status-publish","hentry"],"yoast_head":"<!-- This site is optimized with the Yoast SEO plugin v27.1.1 - https:\/\/yoast.com\/product\/yoast-seo-wordpress\/ -->\n<title>Blog - Atelier des Nouveaux Designs<\/title>\n<meta name=\"robots\" content=\"index, follow, max-snippet:-1, max-image-preview:large, max-video-preview:-1\" \/>\n<link rel=\"canonical\" href=\"https:\/\/nouveauxdesigns.fr\/index.php\/blog\/\" \/>\n<meta property=\"og:locale\" content=\"fr_FR\" \/>\n<meta property=\"og:type\" content=\"article\" \/>\n<meta property=\"og:title\" content=\"Blog - Atelier des Nouveaux Designs\" \/>\n<meta property=\"og:description\" content=\"Blog de l&#039;AtelierLa notion de l&#039;upcycling dans le domaine de la mode Mars 2025 L\u2019upcycling, une mode durable qui transforme le pass\u00e9 pour r\u00e9inventer le futur. D\u00e9couvrez comment ce mouvement \u00e9thique d\u00e9fie la fast fashion et redonne vie aux mat\u00e9riaux. Peut-il r\u00e9volutionner l\u2019industrie de la mode ?l\u2019upcycling Mai 2022 L\u2019upcycling, c\u2019est la base sur laquelle [&hellip;]\" \/>\n<meta property=\"og:url\" content=\"https:\/\/nouveauxdesigns.fr\/index.php\/blog\/\" \/>\n<meta property=\"og:site_name\" content=\"Atelier des Nouveaux Designs\" \/>\n<meta property=\"article:modified_time\" content=\"2026-02-13T16:51:47+00:00\" \/>\n<meta name=\"twitter:card\" content=\"summary_large_image\" \/>\n<script type=\"application\/ld+json\" class=\"yoast-schema-graph\">{\"@context\":\"https:\/\/schema.org\",\"@graph\":[{\"@type\":\"WebPage\",\"@id\":\"https:\/\/nouveauxdesigns.fr\/index.php\/blog\/\",\"url\":\"https:\/\/nouveauxdesigns.fr\/index.php\/blog\/\",\"name\":\"Blog - Atelier des Nouveaux Designs\",\"isPartOf\":{\"@id\":\"https:\/\/nouveauxdesigns.fr\/#website\"},\"datePublished\":\"2025-04-11T12:47:52+00:00\",\"dateModified\":\"2026-02-13T16:51:47+00:00\",\"breadcrumb\":{\"@id\":\"https:\/\/nouveauxdesigns.fr\/index.php\/blog\/#breadcrumb\"},\"inLanguage\":\"fr-FR\",\"potentialAction\":[{\"@type\":\"ReadAction\",\"target\":[\"https:\/\/nouveauxdesigns.fr\/index.php\/blog\/\"]}]},{\"@type\":\"BreadcrumbList\",\"@id\":\"https:\/\/nouveauxdesigns.fr\/index.php\/blog\/#breadcrumb\",\"itemListElement\":[{\"@type\":\"ListItem\",\"position\":1,\"name\":\"Home\",\"item\":\"https:\/\/nouveauxdesigns.fr\/\"},{\"@type\":\"ListItem\",\"position\":2,\"name\":\"Blog\"}]},{\"@type\":\"WebSite\",\"@id\":\"https:\/\/nouveauxdesigns.fr\/#website\",\"url\":\"https:\/\/nouveauxdesigns.fr\/\",\"name\":\"Atelier des Nouveaux Designs\",\"description\":\"Association collaborative autour de l&#039;upcycling\",\"potentialAction\":[{\"@type\":\"SearchAction\",\"target\":{\"@type\":\"EntryPoint\",\"urlTemplate\":\"https:\/\/nouveauxdesigns.fr\/?s={search_term_string}\"},\"query-input\":{\"@type\":\"PropertyValueSpecification\",\"valueRequired\":true,\"valueName\":\"search_term_string\"}}],\"inLanguage\":\"fr-FR\"}]}<\/script>\n<!-- \/ Yoast SEO plugin. -->","yoast_head_json":{"title":"Blog - Atelier des Nouveaux Designs","robots":{"index":"index","follow":"follow","max-snippet":"max-snippet:-1","max-image-preview":"max-image-preview:large","max-video-preview":"max-video-preview:-1"},"canonical":"https:\/\/nouveauxdesigns.fr\/index.php\/blog\/","og_locale":"fr_FR","og_type":"article","og_title":"Blog - Atelier des Nouveaux Designs","og_description":"Blog de l'AtelierLa notion de l'upcycling dans le domaine de la mode Mars 2025 L\u2019upcycling, une mode durable qui transforme le pass\u00e9 pour r\u00e9inventer le futur. D\u00e9couvrez comment ce mouvement \u00e9thique d\u00e9fie la fast fashion et redonne vie aux mat\u00e9riaux. Peut-il r\u00e9volutionner l\u2019industrie de la mode ?l\u2019upcycling Mai 2022 L\u2019upcycling, c\u2019est la base sur laquelle [&hellip;]","og_url":"https:\/\/nouveauxdesigns.fr\/index.php\/blog\/","og_site_name":"Atelier des Nouveaux Designs","article_modified_time":"2026-02-13T16:51:47+00:00","twitter_card":"summary_large_image","schema":{"@context":"https:\/\/schema.org","@graph":[{"@type":"WebPage","@id":"https:\/\/nouveauxdesigns.fr\/index.php\/blog\/","url":"https:\/\/nouveauxdesigns.fr\/index.php\/blog\/","name":"Blog - Atelier des Nouveaux Designs","isPartOf":{"@id":"https:\/\/nouveauxdesigns.fr\/#website"},"datePublished":"2025-04-11T12:47:52+00:00","dateModified":"2026-02-13T16:51:47+00:00","breadcrumb":{"@id":"https:\/\/nouveauxdesigns.fr\/index.php\/blog\/#breadcrumb"},"inLanguage":"fr-FR","potentialAction":[{"@type":"ReadAction","target":["https:\/\/nouveauxdesigns.fr\/index.php\/blog\/"]}]},{"@type":"BreadcrumbList","@id":"https:\/\/nouveauxdesigns.fr\/index.php\/blog\/#breadcrumb","itemListElement":[{"@type":"ListItem","position":1,"name":"Home","item":"https:\/\/nouveauxdesigns.fr\/"},{"@type":"ListItem","position":2,"name":"Blog"}]},{"@type":"WebSite","@id":"https:\/\/nouveauxdesigns.fr\/#website","url":"https:\/\/nouveauxdesigns.fr\/","name":"Atelier des Nouveaux Designs","description":"Association collaborative autour de l&#039;upcycling","potentialAction":[{"@type":"SearchAction","target":{"@type":"EntryPoint","urlTemplate":"https:\/\/nouveauxdesigns.fr\/?s={search_term_string}"},"query-input":{"@type":"PropertyValueSpecification","valueRequired":true,"valueName":"search_term_string"}}],"inLanguage":"fr-FR"}]}},"_links":{"self":[{"href":"https:\/\/nouveauxdesigns.fr\/index.php\/wp-json\/wp\/v2\/pages\/4652","targetHints":{"allow":["GET"]}}],"collection":[{"href":"https:\/\/nouveauxdesigns.fr\/index.php\/wp-json\/wp\/v2\/pages"}],"about":[{"href":"https:\/\/nouveauxdesigns.fr\/index.php\/wp-json\/wp\/v2\/types\/page"}],"author":[{"embeddable":true,"href":"https:\/\/nouveauxdesigns.fr\/index.php\/wp-json\/wp\/v2\/users\/4"}],"replies":[{"embeddable":true,"href":"https:\/\/nouveauxdesigns.fr\/index.php\/wp-json\/wp\/v2\/comments?post=4652"}],"version-history":[{"count":11,"href":"https:\/\/nouveauxdesigns.fr\/index.php\/wp-json\/wp\/v2\/pages\/4652\/revisions"}],"predecessor-version":[{"id":5088,"href":"https:\/\/nouveauxdesigns.fr\/index.php\/wp-json\/wp\/v2\/pages\/4652\/revisions\/5088"}],"wp:attachment":[{"href":"https:\/\/nouveauxdesigns.fr\/index.php\/wp-json\/wp\/v2\/media?parent=4652"}],"curies":[{"name":"wp","href":"https:\/\/api.w.org\/{rel}","templated":true}]}}